{"id":2099,"date":"2021-02-20T16:03:23","date_gmt":"2021-02-20T16:03:23","guid":{"rendered":"http:\/\/intensivpflege.maute-beatmungspflege.de\/?page_id=2099"},"modified":"2022-10-16T14:24:04","modified_gmt":"2022-10-16T14:24:04","slug":"pflegeleitbild","status":"publish","type":"page","link":"http:\/\/maute-beatmungspflege.de\/en\/start\/pflegeleitbild\/","title":{"rendered":"Concept of Nursing"},"content":{"rendered":"<div data-elementor-type=\"wp-page\" data-elementor-id=\"2099\" class=\"elementor elementor-2099\">\n\t\t\t\t\t\t<section class=\"elementor-section elementor-top-section elementor-element elementor-element-7cfecb19 elementor-section-content-top elementor-section-boxed elementor-section-height-default elementor-section-height-default wpr-particle-no wpr-jarallax-no wpr-parallax-no wpr-sticky-section-no\" data-id=\"7cfecb19\" data-element_type=\"section\" data-settings=\"{&quot;background_background&quot;:&quot;classic&quot;}\">\n\t\t\t\t\t\t\t<div class=\"elementor-background-overlay\"><\/div>\n\t\t\t\t\t\t\t<div class=\"elementor-container elementor-column-gap-wider\">\n\t\t\t\t\t<div class=\"elementor-column elementor-col-33 elementor-top-column elementor-element elementor-element-62a48595\" data-id=\"62a48595\" data-element_type=\"column\" data-settings=\"{&quot;background_background&quot;:&quot;classic&quot;}\">\n\t\t\t<div class=\"elementor-widget-wrap elementor-element-populated\">\n\t\t\t\t\t\t<div class=\"elementor-element elementor-element-6a67a818 elementor-widget elementor-widget-spacer\" data-id=\"6a67a818\" data-element_type=\"widget\" data-widget_type=\"spacer.default\">\n\t\t\t\t<div class=\"elementor-widget-container\">\n\t\t\t\t\t<div class=\"elementor-spacer\">\n\t\t\t<div class=\"elementor-spacer-inner\"><\/div>\n\t\t<\/div>\n\t\t\t\t<\/div>\n\t\t\t\t<\/div>\n\t\t\t\t\t<\/div>\n\t\t<\/div>\n\t\t\t\t<div class=\"elementor-column elementor-col-33 elementor-top-column elementor-element elementor-element-45e8de99\" data-id=\"45e8de99\" data-element_type=\"column\" data-settings=\"{&quot;background_background&quot;:&quot;classic&quot;}\">\n\t\t\t<div class=\"elementor-widget-wrap elementor-element-populated\">\n\t\t\t\t\t<div class=\"elementor-background-overlay\"><\/div>\n\t\t\t\t\t\t<div class=\"elementor-element elementor-element-3ede4387 elementor-widget elementor-widget-image\" data-id=\"3ede4387\" data-element_type=\"widget\" data-widget_type=\"image.default\">\n\t\t\t\t<div class=\"elementor-widget-container\">\n\t\t\t\t\t\t\t\t\t\t\t\t\t<img decoding=\"async\" src=\"https:\/\/maute-beatmungspflege.de\/wp-content\/uploads\/elementor\/thumbs\/insurance-1991276_1920-1-p0rut0ckcds5nf7ms7zg7dqjypy2em06gm2kmrqpng.jpg\" title=\"insurance-1991276_1920\" alt=\"insurance-1991276_1920\" loading=\"lazy\" \/>\t\t\t\t\t\t\t\t\t\t\t\t\t<\/div>\n\t\t\t\t<\/div>\n\t\t\t\t\t<\/div>\n\t\t<\/div>\n\t\t\t\t<div class=\"elementor-column elementor-col-33 elementor-top-column elementor-element elementor-element-5317ae15\" data-id=\"5317ae15\" data-element_type=\"column\" data-settings=\"{&quot;background_background&quot;:&quot;classic&quot;}\">\n\t\t\t<div class=\"elementor-widget-wrap elementor-element-populated\">\n\t\t\t\t\t\t<div class=\"elementor-element elementor-element-671144f animated-slow elementor-invisible elementor-widget elementor-widget-heading\" data-id=\"671144f\" data-element_type=\"widget\" data-settings=\"{&quot;_animation&quot;:&quot;fadeInUp&quot;}\" data-widget_type=\"heading.default\">\n\t\t\t\t<div class=\"elementor-widget-container\">\n\t\t\t<h6 class=\"elementor-heading-title elementor-size-default\">Concept of Nursing<\/h6>\t\t<\/div>\n\t\t\t\t<\/div>\n\t\t\t\t<div class=\"elementor-element elementor-element-47ba1429 elementor-widget elementor-widget-text-editor\" data-id=\"47ba1429\" data-element_type=\"widget\" data-widget_type=\"text-editor.default\">\n\t\t\t\t<div class=\"elementor-widget-container\">\n\t\t\t\t\t\t\t<p>On developing our model for professional nursing care, we concentrated our focus on the recognition that \u2013 compared to our nursing staff \u2013 our patients are in a completely different situation. The patient is continually in a position of having to receive our help. Hence it is important that the relationship between nurse and patient is not one determined in any way by the concepts of \u201esuperiority\u201d or \u201epower\u201d. <br \/><br> This relationship should indeed be a \u201eneutral\u201d one, which requires the cooperation of both nurse and patient. Our aim is to reach complete satisfaction for our patients and their family members, at all times treating them with esteem and great respect.<\/p><p class=\" translation-block\">We are committed to this not only by Articles 3 and 4 of the Constitution of the Federal Republic of Germany, but also by the European Equal Treatment Act which came into effect in 2006. This yields an obligation to respect each individual\u00b4s human dignity and to treat one another in a respectful manner. Our nursing processes are indeed characterised by such human devotion and respect. Based on modern nursing skills and taking into account the financial considerations, we strive to enable our patients to stay independent in their own familiar surroundings for as long as is possible and to make their life at home both a safe and pleasant one.<\/p>\t\t\t\t\t\t<\/div>\n\t\t\t\t<\/div>\n\t\t\t\t<div class=\"elementor-element elementor-element-1cd2137b elementor-align-left elementor-invisible elementor-widget elementor-widget-button\" data-id=\"1cd2137b\" data-element_type=\"widget\" data-settings=\"{&quot;_animation&quot;:&quot;fadeInUp&quot;}\" data-widget_type=\"button.default\">\n\t\t\t\t<div class=\"elementor-widget-container\">\n\t\t\t\t\t<div class=\"elementor-button-wrapper\">\n\t\t\t<a class=\"elementor-button elementor-button-link elementor-size-sm elementor-animation-float\" href=\"http:\/\/maute-beatmungspflege.de\/en\/kontakt\/\">\n\t\t\t\t\t\t<span class=\"elementor-button-content-wrapper\">\n\t\t\t\t\t\t\t\t\t<span class=\"elementor-button-text\">Contact<\/span>\n\t\t\t\t\t<\/span>\n\t\t\t\t\t<\/a>\n\t\t<\/div>\n\t\t\t\t<\/div>\n\t\t\t\t<\/div>\n\t\t\t\t\t<\/div>\n\t\t<\/div>\n\t\t\t\t\t<\/div>\n\t\t<\/section>\n\t\t\t\t<\/div>","protected":false},"excerpt":{"rendered":"<p>Pflegeleitbild Im Mittelpunkt des Pflegeleitbildes steht die Erkenntnis, dass sich die Patienten \u2013 im Vergleich zum Pflegepersonal \u2013 in einer v\u00f6llig anderen Position befinden. Der Patient\/die Patientin sind stets gezwungen, Hilfe annehmen zu m\u00fcssen. Dies wiederum bedeutet, dass die Beziehung zwischen Pflegenden und Patienten nicht von Begriffen wie \u201eHerrschaft\u201d und \u201eMacht\u201d bestimmt sein darf. Die Beziehung soll \u201eneutral\u201d sein, und dies setzt die Kooperation von Pflegenden und Patienten voraus. Unser Ziel ist die Zufriedenheit des Patienten und seiner Angeh\u00f6rigen, denen wir mit Achtung und Respekt begegnen. Dazu verpflichten uns nicht nur Artikel 3 und 4 des Grundgesetzes bzw. die Verfassung der Bundesrepublik Deutschland, sondern auch das Allgemeine Gleichbehandlungsgesetz (AAG) aus dem Jahr 2006. Daraus ergibt sich eine Verpflichtung zur Achtung der individuellen W\u00fcrde des Einzelnen, zum respektvollen Umgang miteinander. Unser pflegerisches Handeln ist gepr\u00e4gt von menschlicher Zuwendung und Achtung vor dem Menschen. Auf der Grundlage der aktuellen pflegewissenschaftlichen Kenntnisse und unter Ber\u00fccksichtigung der wirtschaftlichen Rahmenbedingungen wollen wir dem Patienten so lange wie m\u00f6glich ein Leben in seiner gewohnten Umgebung erm\u00f6glichen und den Aufenthalt dort sicher und angenehm gestalten. Kontakt<\/p>","protected":false},"author":1,"featured_media":0,"parent":1391,"menu_order":0,"comment_status":"closed","ping_status":"closed","template":"","meta":{"ocean_post_layout":"full-screen","ocean_both_sidebars_style":"","ocean_both_sidebars_content_width":0,"ocean_both_sidebars_sidebars_width":0,"ocean_sidebar":"0","ocean_second_sidebar":"0","ocean_disable_margins":"enable","ocean_add_body_class":"","ocean_shortcode_before_top_bar":"","ocean_shortcode_after_top_bar":"","ocean_shortcode_before_header":"","ocean_shortcode_after_header":"","ocean_has_shortcode":"","ocean_shortcode_after_title":"","ocean_shortcode_before_footer_widgets":"","ocean_shortcode_after_footer_widgets":"","ocean_shortcode_before_footer_bottom":"","ocean_shortcode_after_footer_bottom":"","ocean_display_top_bar":"on","ocean_display_header":"on","ocean_header_style":"","ocean_center_header_left_menu":"0","ocean_custom_header_template":"0","ocean_custom_logo":0,"ocean_custom_retina_logo":0,"ocean_custom_logo_max_width":0,"ocean_custom_logo_tablet_max_width":0,"ocean_custom_logo_mobile_max_width":0,"ocean_custom_logo_max_height":0,"ocean_custom_logo_tablet_max_height":0,"ocean_custom_logo_mobile_max_height":0,"ocean_header_custom_menu":"2","ocean_menu_typo_font_family":"0","ocean_menu_typo_font_subset":"","ocean_menu_typo_font_size":0,"ocean_menu_typo_font_size_tablet":0,"ocean_menu_typo_font_size_mobile":0,"ocean_menu_typo_font_size_unit":"px","ocean_menu_typo_font_weight":"","ocean_menu_typo_font_weight_tablet":"","ocean_menu_typo_font_weight_mobile":"","ocean_menu_typo_transform":"","ocean_menu_typo_transform_tablet":"","ocean_menu_typo_transform_mobile":"","ocean_menu_typo_line_height":0,"ocean_menu_typo_line_height_tablet":0,"ocean_menu_typo_line_height_mobile":0,"ocean_menu_typo_line_height_unit":"","ocean_menu_typo_spacing":0,"ocean_menu_typo_spacing_tablet":0,"ocean_menu_typo_spacing_mobile":0,"ocean_menu_typo_spacing_unit":"","ocean_menu_link_color":"","ocean_menu_link_color_hover":"","ocean_menu_link_color_active":"","ocean_menu_link_background":"","ocean_menu_link_hover_background":"","ocean_menu_link_active_background":"","ocean_menu_social_links_bg":"","ocean_menu_social_hover_links_bg":"","ocean_menu_social_links_color":"","ocean_menu_social_hover_links_color":"","ocean_disable_title":"on","ocean_disable_heading":"default","ocean_post_title":"","ocean_post_subheading":"","ocean_post_title_style":"","ocean_post_title_background_color":"","ocean_post_title_background":0,"ocean_post_title_bg_image_position":"","ocean_post_title_bg_image_attachment":"","ocean_post_title_bg_image_repeat":"","ocean_post_title_bg_image_size":"","ocean_post_title_height":0,"ocean_post_title_bg_overlay":0.5,"ocean_post_title_bg_overlay_color":"","ocean_disable_breadcrumbs":"default","ocean_breadcrumbs_color":"","ocean_breadcrumbs_separator_color":"","ocean_breadcrumbs_links_color":"","ocean_breadcrumbs_links_hover_color":"","ocean_display_footer_widgets":"on","ocean_display_footer_bottom":"default","ocean_custom_footer_template":"0","footnotes":""},"class_list":["post-2099","page","type-page","status-publish","hentry","entry"],"_links":{"self":[{"href":"http:\/\/maute-beatmungspflege.de\/en\/wp-json\/wp\/v2\/pages\/2099","targetHints":{"allow":["GET"]}}],"collection":[{"href":"http:\/\/maute-beatmungspflege.de\/en\/wp-json\/wp\/v2\/pages"}],"about":[{"href":"http:\/\/maute-beatmungspflege.de\/en\/wp-json\/wp\/v2\/types\/page"}],"author":[{"embeddable":true,"href":"http:\/\/maute-beatmungspflege.de\/en\/wp-json\/wp\/v2\/users\/1"}],"replies":[{"embeddable":true,"href":"http:\/\/maute-beatmungspflege.de\/en\/wp-json\/wp\/v2\/comments?post=2099"}],"version-history":[{"count":131,"href":"http:\/\/maute-beatmungspflege.de\/en\/wp-json\/wp\/v2\/pages\/2099\/revisions"}],"predecessor-version":[{"id":3657,"href":"http:\/\/maute-beatmungspflege.de\/en\/wp-json\/wp\/v2\/pages\/2099\/revisions\/3657"}],"up":[{"embeddable":true,"href":"http:\/\/maute-beatmungspflege.de\/en\/wp-json\/wp\/v2\/pages\/1391"}],"wp:attachment":[{"href":"http:\/\/maute-beatmungspflege.de\/en\/wp-json\/wp\/v2\/media?parent=2099"}],"curies":[{"name":"wp","href":"https:\/\/api.w.org\/{rel}","templated":true}]}}