{"id":1886,"date":"2021-02-14T19:00:59","date_gmt":"2021-02-14T19:00:59","guid":{"rendered":"http:\/\/intensivpflege.maute-beatmungspflege.de\/?page_id=1886"},"modified":"2024-08-15T15:03:31","modified_gmt":"2024-08-15T15:03:31","slug":"jobs","status":"publish","type":"page","link":"https:\/\/maute-beatmungspflege.de\/en\/start\/jobs\/","title":{"rendered":"Jobs"},"content":{"rendered":"<div data-elementor-type=\"wp-page\" data-elementor-id=\"1886\" class=\"elementor elementor-1886\">\n\t\t\t\t\t\t<section class=\"elementor-section elementor-top-section elementor-element elementor-element-16a061b2 elementor-section-boxed elementor-section-height-default elementor-section-height-default wpr-particle-no wpr-jarallax-no wpr-parallax-no wpr-sticky-section-no\" data-id=\"16a061b2\" data-element_type=\"section\" data-settings=\"{&quot;background_background&quot;:&quot;classic&quot;}\">\n\t\t\t\t\t\t\t<div class=\"elementor-background-overlay\"><\/div>\n\t\t\t\t\t\t\t<div class=\"elementor-container elementor-column-gap-default\">\n\t\t\t\t\t<div class=\"elementor-column elementor-col-100 elementor-top-column elementor-element elementor-element-17ead446\" data-id=\"17ead446\" data-element_type=\"column\">\n\t\t\t<div class=\"elementor-widget-wrap elementor-element-populated\">\n\t\t\t\t\t\t<div class=\"elementor-element elementor-element-dd20f6b elementor-widget elementor-widget-heading\" data-id=\"dd20f6b\" data-element_type=\"widget\" data-widget_type=\"heading.default\">\n\t\t\t\t<div class=\"elementor-widget-container\">\n\t\t\t<h2 class=\"elementor-heading-title elementor-size-default\">Job Vacancies<\/h2>\t\t<\/div>\n\t\t\t\t<\/div>\n\t\t\t\t\t<\/div>\n\t\t<\/div>\n\t\t\t\t\t<\/div>\n\t\t<\/section>\n\t\t\t\t<section class=\"elementor-section elementor-top-section elementor-element elementor-element-7149792b elementor-section-boxed elementor-section-height-default elementor-section-height-default wpr-particle-no wpr-jarallax-no wpr-parallax-no wpr-sticky-section-no\" data-id=\"7149792b\" data-element_type=\"section\" data-settings=\"{&quot;background_background&quot;:&quot;classic&quot;,&quot;shape_divider_top&quot;:&quot;triangle&quot;,&quot;shape_divider_bottom&quot;:&quot;triangle&quot;}\">\n\t\t\t\t\t\t\t<div class=\"elementor-background-overlay\"><\/div>\n\t\t\t\t\t\t<div class=\"elementor-shape elementor-shape-top\" data-negative=\"false\">\n\t\t\t<svg xmlns=\"http:\/\/www.w3.org\/2000\/svg\" viewbox=\"0 0 1000 100\" preserveaspectratio=\"none\">\n\t<path class=\"elementor-shape-fill\" d=\"M500,98.9L0,6.1V0h1000v6.1L500,98.9z\"\/>\n<\/svg>\t\t<\/div>\n\t\t\t\t<div class=\"elementor-shape elementor-shape-bottom\" data-negative=\"false\">\n\t\t\t<svg xmlns=\"http:\/\/www.w3.org\/2000\/svg\" viewbox=\"0 0 1000 100\" preserveaspectratio=\"none\">\n\t<path class=\"elementor-shape-fill\" d=\"M500,98.9L0,6.1V0h1000v6.1L500,98.9z\"\/>\n<\/svg>\t\t<\/div>\n\t\t\t\t\t<div class=\"elementor-container elementor-column-gap-default\">\n\t\t\t\t\t<div class=\"elementor-column elementor-col-20 elementor-top-column elementor-element elementor-element-3d633019\" data-id=\"3d633019\" data-element_type=\"column\" data-settings=\"{&quot;background_background&quot;:&quot;classic&quot;}\">\n\t\t\t<div class=\"elementor-widget-wrap elementor-element-populated\">\n\t\t\t\t\t<div class=\"elementor-background-overlay\"><\/div>\n\t\t\t\t\t\t\t<\/div>\n\t\t<\/div>\n\t\t\t\t<div class=\"elementor-column elementor-col-20 elementor-top-column elementor-element elementor-element-13ff4895\" data-id=\"13ff4895\" data-element_type=\"column\" data-settings=\"{&quot;background_background&quot;:&quot;classic&quot;}\">\n\t\t\t<div class=\"elementor-widget-wrap\">\n\t\t\t\t\t<div class=\"elementor-background-overlay\"><\/div>\n\t\t\t\t\t\t\t<\/div>\n\t\t<\/div>\n\t\t\t\t<div class=\"elementor-column elementor-col-20 elementor-top-column elementor-element elementor-element-1e37945a\" data-id=\"1e37945a\" data-element_type=\"column\" data-settings=\"{&quot;background_background&quot;:&quot;classic&quot;}\">\n\t\t\t<div class=\"elementor-widget-wrap elementor-element-populated\">\n\t\t\t\t\t<div class=\"elementor-background-overlay\"><\/div>\n\t\t\t\t\t\t<div class=\"elementor-element elementor-element-1ed724ab elementor-widget elementor-widget-image\" data-id=\"1ed724ab\" data-element_type=\"widget\" data-widget_type=\"image.default\">\n\t\t\t\t<div class=\"elementor-widget-container\">\n\t\t\t\t\t\t\t\t\t\t\t\t\t<img fetchpriority=\"high\" decoding=\"async\" width=\"835\" height=\"750\" src=\"https:\/\/maute-beatmungspflege.de\/wp-content\/uploads\/2020\/12\/ff8d8bc18ea3d33187ee1aa300a5f9f7-3.jpeg\" class=\"attachment-large size-large wp-image-169\" alt=\"\" srcset=\"https:\/\/maute-beatmungspflege.de\/wp-content\/uploads\/2020\/12\/ff8d8bc18ea3d33187ee1aa300a5f9f7-3.jpeg 835w, https:\/\/maute-beatmungspflege.de\/wp-content\/uploads\/2020\/12\/ff8d8bc18ea3d33187ee1aa300a5f9f7-3-300x269.jpeg 300w, https:\/\/maute-beatmungspflege.de\/wp-content\/uploads\/2020\/12\/ff8d8bc18ea3d33187ee1aa300a5f9f7-3-768x690.jpeg 768w, https:\/\/maute-beatmungspflege.de\/wp-content\/uploads\/2020\/12\/ff8d8bc18ea3d33187ee1aa300a5f9f7-3-623x560.jpeg 623w\" sizes=\"(max-width: 835px) 100vw, 835px\" \/>\t\t\t\t\t\t\t\t\t\t\t\t\t<\/div>\n\t\t\t\t<\/div>\n\t\t\t\t\t<\/div>\n\t\t<\/div>\n\t\t\t\t<div class=\"elementor-column elementor-col-20 elementor-top-column elementor-element elementor-element-578fbbd1\" data-id=\"578fbbd1\" data-element_type=\"column\" data-settings=\"{&quot;background_background&quot;:&quot;classic&quot;}\">\n\t\t\t<div class=\"elementor-widget-wrap\">\n\t\t\t\t\t<div class=\"elementor-background-overlay\"><\/div>\n\t\t\t\t\t\t\t<\/div>\n\t\t<\/div>\n\t\t\t\t<div class=\"elementor-column elementor-col-20 elementor-top-column elementor-element elementor-element-23552e5b\" data-id=\"23552e5b\" data-element_type=\"column\" data-settings=\"{&quot;background_background&quot;:&quot;classic&quot;}\">\n\t\t\t<div class=\"elementor-widget-wrap\">\n\t\t\t\t\t<div class=\"elementor-background-overlay\"><\/div>\n\t\t\t\t\t\t\t<\/div>\n\t\t<\/div>\n\t\t\t\t\t<\/div>\n\t\t<\/section>\n\t\t\t\t<section class=\"elementor-section elementor-top-section elementor-element elementor-element-95b4db1 elementor-section-boxed elementor-section-height-default elementor-section-height-default wpr-particle-no wpr-jarallax-no wpr-parallax-no wpr-sticky-section-no\" data-id=\"95b4db1\" data-element_type=\"section\" data-settings=\"{&quot;background_background&quot;:&quot;classic&quot;}\">\n\t\t\t\t\t\t\t<div class=\"elementor-background-overlay\"><\/div>\n\t\t\t\t\t\t\t<div class=\"elementor-container elementor-column-gap-default\">\n\t\t\t\t\t<div class=\"elementor-column elementor-col-50 elementor-top-column elementor-element elementor-element-5ac1b37\" data-id=\"5ac1b37\" data-element_type=\"column\" data-settings=\"{&quot;background_background&quot;:&quot;classic&quot;}\">\n\t\t\t<div class=\"elementor-widget-wrap elementor-element-populated\">\n\t\t\t\t\t<div class=\"elementor-background-overlay\"><\/div>\n\t\t\t\t\t\t<div class=\"elementor-element elementor-element-20ac6f59 elementor-invisible elementor-widget elementor-widget-heading\" data-id=\"20ac6f59\" data-element_type=\"widget\" data-settings=\"{&quot;_animation&quot;:&quot;fadeIn&quot;,&quot;_animation_delay&quot;:100}\" data-widget_type=\"heading.default\">\n\t\t\t\t<div class=\"elementor-widget-container\">\n\t\t\t<h1 class=\"elementor-heading-title elementor-size-default\">In the field of artificial respiration and full-time intensive care nursing we are looking for:<\/h1>\t\t<\/div>\n\t\t\t\t<\/div>\n\t\t\t\t<div class=\"elementor-element elementor-element-1bd3175 elementor-widget elementor-widget-text-editor\" data-id=\"1bd3175\" data-element_type=\"widget\" data-widget_type=\"text-editor.default\">\n\t\t\t\t<div class=\"elementor-widget-container\">\n\t\t\t\t\t\t\t<h2 style=\"padding-left: 360px;\">\u00a0<\/h2><ul><li>specialist nurses in anaesthesia and intensive care<\/li><li>home respiration nurses<\/li><li>certified nurses and healthcare professionals<\/li><li>certified elderly care nurses<\/li><\/ul><p><strong>We Offer<\/strong><\/p><ul><li>performance-related compensation<\/li><li>well-structured induction training and support<\/li><li>loyal and esteemed cooperation as part of a motivated team<\/li><li>the freedom to work independently in small teams<\/li><li>training and further education programmes<\/li><\/ul><p><strong>Your Profile<\/strong><\/p><ul><li>experience with patients in need of intensive care nursing is advantageous<\/li><li>high patient\/relative orientation<\/li><li>the ability to work in teams<\/li><li>independent and responsible decision maker<\/li><\/ul><p>Haben Sie Fragen, dann wenden Sie sich an uns.<\/p><p>If you have further questions, then please contact us.\n\nPlease feel free to apply online:<\/p>\t\t\t\t\t\t<\/div>\n\t\t\t\t<\/div>\n\t\t\t\t<div class=\"elementor-element elementor-element-99cca6f elementor-widget elementor-widget-text-editor\" data-id=\"99cca6f\" data-element_type=\"widget\" data-widget_type=\"text-editor.default\">\n\t\t\t\t<div class=\"elementor-widget-container\">\n\t\t\t\t\t\t\t<p><span style=\"text-decoration: underline;\"><span style=\"color: #3366ff; text-decoration: underline;\"><a style=\"color: #3366ff; text-decoration: underline;\" href=\"mailto:info@maute-beatmungspflege.de\" target=\"_blank\" rel=\"noopener\">info@maute-beatmungspflege.de<\/a><\/span><\/span><\/p>\t\t\t\t\t\t<\/div>\n\t\t\t\t<\/div>\n\t\t\t\t\t<\/div>\n\t\t<\/div>\n\t\t\t\t<div class=\"elementor-column elementor-col-50 elementor-top-column elementor-element elementor-element-0290a03\" data-id=\"0290a03\" data-element_type=\"column\" data-settings=\"{&quot;background_background&quot;:&quot;classic&quot;}\">\n\t\t\t<div class=\"elementor-widget-wrap elementor-element-populated\">\n\t\t\t\t\t<div class=\"elementor-background-overlay\"><\/div>\n\t\t\t\t\t\t<div class=\"elementor-element elementor-element-c352440 elementor-widget elementor-widget-image\" data-id=\"c352440\" data-element_type=\"widget\" data-widget_type=\"image.default\">\n\t\t\t\t<div class=\"elementor-widget-container\">\n\t\t\t\t\t\t\t\t\t\t\t\t\t<img decoding=\"async\" width=\"599\" height=\"509\" src=\"https:\/\/maute-beatmungspflege.de\/wp-content\/uploads\/2021\/02\/sidebar-img.png\" class=\"attachment-2048x2048 size-2048x2048 wp-image-2043\" alt=\"\" srcset=\"https:\/\/maute-beatmungspflege.de\/wp-content\/uploads\/2021\/02\/sidebar-img.png 599w, https:\/\/maute-beatmungspflege.de\/wp-content\/uploads\/2021\/02\/sidebar-img-300x255.png 300w\" sizes=\"(max-width: 599px) 100vw, 599px\" \/>\t\t\t\t\t\t\t\t\t\t\t\t\t<\/div>\n\t\t\t\t<\/div>\n\t\t\t\t\t<\/div>\n\t\t<\/div>\n\t\t\t\t\t<\/div>\n\t\t<\/section>\n\t\t\t\t<section class=\"elementor-section elementor-top-section elementor-element elementor-element-332af8da elementor-section-boxed elementor-section-height-default elementor-section-height-default wpr-particle-no wpr-jarallax-no wpr-parallax-no wpr-sticky-section-no\" data-id=\"332af8da\" data-element_type=\"section\" data-settings=\"{&quot;shape_divider_bottom&quot;:&quot;triangle&quot;}\">\n\t\t\t\t\t<div class=\"elementor-shape elementor-shape-bottom\" data-negative=\"false\">\n\t\t\t<svg xmlns=\"http:\/\/www.w3.org\/2000\/svg\" viewbox=\"0 0 1000 100\" preserveaspectratio=\"none\">\n\t<path class=\"elementor-shape-fill\" d=\"M500,98.9L0,6.1V0h1000v6.1L500,98.9z\"\/>\n<\/svg>\t\t<\/div>\n\t\t\t\t\t<div class=\"elementor-container elementor-column-gap-default\">\n\t\t\t\t\t<div class=\"elementor-column elementor-col-50 elementor-top-column elementor-element elementor-element-2206d51\" data-id=\"2206d51\" data-element_type=\"column\">\n\t\t\t<div class=\"elementor-widget-wrap elementor-element-populated\">\n\t\t\t\t\t\t<div class=\"elementor-element elementor-element-352c6cf elementor-widget elementor-widget-image\" data-id=\"352c6cf\" data-element_type=\"widget\" data-widget_type=\"image.default\">\n\t\t\t\t<div class=\"elementor-widget-container\">\n\t\t\t\t\t\t\t\t\t\t\t\t\t<img decoding=\"async\" width=\"1024\" height=\"684\" src=\"https:\/\/maute-beatmungspflege.de\/wp-content\/uploads\/2021\/02\/rawpixel-558597-unsplash-1024x684.jpg\" class=\"attachment-large size-large wp-image-1847\" alt=\"\" srcset=\"https:\/\/maute-beatmungspflege.de\/wp-content\/uploads\/2021\/02\/rawpixel-558597-unsplash-1024x684.jpg 1024w, https:\/\/maute-beatmungspflege.de\/wp-content\/uploads\/2021\/02\/rawpixel-558597-unsplash-300x200.jpg 300w, https:\/\/maute-beatmungspflege.de\/wp-content\/uploads\/2021\/02\/rawpixel-558597-unsplash-768x513.jpg 768w, https:\/\/maute-beatmungspflege.de\/wp-content\/uploads\/2021\/02\/rawpixel-558597-unsplash-1536x1025.jpg 1536w, https:\/\/maute-beatmungspflege.de\/wp-content\/uploads\/2021\/02\/rawpixel-558597-unsplash.jpg 1600w\" sizes=\"(max-width: 1024px) 100vw, 1024px\" \/>\t\t\t\t\t\t\t\t\t\t\t\t\t<\/div>\n\t\t\t\t<\/div>\n\t\t\t\t\t<\/div>\n\t\t<\/div>\n\t\t\t\t<div class=\"elementor-column elementor-col-50 elementor-top-column elementor-element elementor-element-761ef78\" data-id=\"761ef78\" data-element_type=\"column\" data-settings=\"{&quot;background_background&quot;:&quot;classic&quot;}\">\n\t\t\t<div class=\"elementor-widget-wrap elementor-element-populated\">\n\t\t\t\t\t<div class=\"elementor-background-overlay\"><\/div>\n\t\t\t\t\t\t<div class=\"elementor-element elementor-element-1049042e elementor-invisible elementor-widget elementor-widget-heading\" data-id=\"1049042e\" data-element_type=\"widget\" data-settings=\"{&quot;_animation&quot;:&quot;fadeIn&quot;,&quot;_animation_delay&quot;:100}\" data-widget_type=\"heading.default\">\n\t\t\t\t<div class=\"elementor-widget-container\">\n\t\t\t<h2 class=\"elementor-heading-title elementor-size-default\">In the field of mobile outpatient health care and nursing <br>\nwe are looking for:<br><\/h2>\t\t<\/div>\n\t\t\t\t<\/div>\n\t\t\t\t<div class=\"elementor-element elementor-element-7d684d8 elementor-widget elementor-widget-text-editor\" data-id=\"7d684d8\" data-element_type=\"widget\" data-widget_type=\"text-editor.default\">\n\t\t\t\t<div class=\"elementor-widget-container\">\n\t\t\t\t\t\t\t<ul><li>specialist nurses in anaesthesia and intensive care<\/li><li>home respiration nurses<\/li><li>certified nurses and healthcare professionals<\/li><\/ul><p><strong>We Offer<\/strong><\/p><ul><li>performance-related compensation<\/li><li>well-structured induction training and support<\/li><li>loyal and esteemed cooperation as part of a motivated team<\/li><li>the freedom to work independently in small teams<\/li><li>training and further education programmes<\/li><\/ul><p><strong>Your Profile<\/strong><\/p><ul><li>experience with patients in need of intensive care nursing is advantageous<\/li><li>high patient\/relative orientation<\/li><li>the ability to work in teams<\/li><li>independent and responsible decision maker<\/li><\/ul><p>Haben Sie Fragen, dann wenden Sie sich an uns.<\/p><p>If you have further questions, then please contact us.\n\nPlease feel free to apply online:<\/p>\t\t\t\t\t\t<\/div>\n\t\t\t\t<\/div>\n\t\t\t\t<div class=\"elementor-element elementor-element-1bf61bf elementor-widget elementor-widget-text-editor\" data-id=\"1bf61bf\" data-element_type=\"widget\" data-widget_type=\"text-editor.default\">\n\t\t\t\t<div class=\"elementor-widget-container\">\n\t\t\t\t\t\t\t<p><span style=\"text-decoration: underline;\"><span style=\"color: #3366ff; text-decoration: underline;\"><a style=\"color: #3366ff; text-decoration: underline;\" href=\"mailto:info@maute-beatmungspflege.de\" target=\"_blank\" rel=\"noopener\">info@maute-beatmungspflege.de<\/a><\/span><\/span><\/p>\t\t\t\t\t\t<\/div>\n\t\t\t\t<\/div>\n\t\t\t\t\t<\/div>\n\t\t<\/div>\n\t\t\t\t\t<\/div>\n\t\t<\/section>\n\t\t\t\t<section class=\"elementor-section elementor-top-section elementor-element elementor-element-f5b0b42 elementor-section-boxed elementor-section-height-default elementor-section-height-default wpr-particle-no wpr-jarallax-no wpr-parallax-no wpr-sticky-section-no\" data-id=\"f5b0b42\" data-element_type=\"section\">\n\t\t\t\t\t\t<div class=\"elementor-container elementor-column-gap-default\">\n\t\t\t\t\t<div class=\"elementor-column elementor-col-50 elementor-top-column elementor-element elementor-element-7f86c87\" data-id=\"7f86c87\" data-element_type=\"column\">\n\t\t\t<div class=\"elementor-widget-wrap\">\n\t\t\t\t\t\t\t<\/div>\n\t\t<\/div>\n\t\t\t\t<div class=\"elementor-column elementor-col-50 elementor-top-column elementor-element elementor-element-766e5db\" data-id=\"766e5db\" data-element_type=\"column\">\n\t\t\t<div class=\"elementor-widget-wrap\">\n\t\t\t\t\t\t\t<\/div>\n\t\t<\/div>\n\t\t\t\t\t<\/div>\n\t\t<\/section>\n\t\t\t\t<\/div>","protected":false},"excerpt":{"rendered":"<p>Stellenangebote F\u00fcr den Bereich der Beatmungs- und Intensivpflege suchen wir: \u00a0 Pflegefachfrau\/Pflegefachmann (m\/w\/d) Gesundheits- und Krankenpfleger (m\/w\/d) Altenpfleger (m\/w\/d) Atmungstherapeut (m\/w\/d) Wir bieten Leistungsorientierte Verg\u00fctung Sehr gut strukturiertes Einarbeitungssystem Kollegiale Zusammenarbeit und Wertsch\u00e4tzung innerhalb eines motivierenden Teams Eigenverantwortliches Arbeiten in kleinen Teams Fort- und Weiterbildungsangebote Ihr Profil Erfahrung mit intensivpflegebed\u00fcrftigen Patienten ist von Vorteil Hohe Patienten- und Angeh\u00f6rigenorientierung Teamf\u00e4higkeit Selbst\u00e4ndigkeit und verantwortungsvolle Entscheidungsfreude Haben Sie Fragen, dann wenden Sie sich an uns. Gerne k\u00f6nnen Sie sich auch online bewerben: info@maute-beatmungspflege.de F\u00fcr den Bereich der mobilen ambulanten Gesundheits- und Krankenpflege suchen wir: Pflegefachfrau\/Pflegefachmann (m\/w\/d) Gesundheits- und Krankenpfleger (m\/w\/d) Altenpfleger (m\/w\/d) Wir bieten Leistungsorientierte Verg\u00fctung Sehr gut strukturiertes Einarbeitungssystem Kollegiale Zusammenarbeit und Wertsch\u00e4tzung innerhalb eines motivierenden Teams Eigenverantwortliches Arbeiten in kleinen Teams Fort- und Weiterbildungsangebote Ihr Profil Erfahrung mit intensivpflegebed\u00fcrftigen Patienten ist von Vorteil Hohe Patienten- und Angeh\u00f6rigenorientierung Teamf\u00e4higkeit Selbst\u00e4ndigkeit und verantwortungsvolle Entscheidungsfreude Haben Sie Fragen, dann wenden Sie sich an uns. Gerne k\u00f6nnen Sie sich auch online bewerben: info@maute-beatmungspflege.de<\/p>","protected":false},"author":1,"featured_media":0,"parent":1391,"menu_order":0,"comment_status":"closed","ping_status":"closed","template":"","meta":{"ocean_post_layout":"full-screen","ocean_both_sidebars_style":"","ocean_both_sidebars_content_width":0,"ocean_both_sidebars_sidebars_width":0,"ocean_sidebar":"0","ocean_second_sidebar":"0","ocean_disable_margins":"enable","ocean_add_body_class":"","ocean_shortcode_before_top_bar":"","ocean_shortcode_after_top_bar":"","ocean_shortcode_before_header":"","ocean_shortcode_after_header":"","ocean_has_shortcode":"","ocean_shortcode_after_title":"","ocean_shortcode_before_footer_widgets":"","ocean_shortcode_after_footer_widgets":"","ocean_shortcode_before_footer_bottom":"","ocean_shortcode_after_footer_bottom":"","ocean_display_top_bar":"on","ocean_display_header":"on","ocean_header_style":"","ocean_center_header_left_menu":"0","ocean_custom_header_template":"0","ocean_custom_logo":0,"ocean_custom_retina_logo":0,"ocean_custom_logo_max_width":0,"ocean_custom_logo_tablet_max_width":0,"ocean_custom_logo_mobile_max_width":0,"ocean_custom_logo_max_height":0,"ocean_custom_logo_tablet_max_height":0,"ocean_custom_logo_mobile_max_height":0,"ocean_header_custom_menu":"0","ocean_menu_typo_font_family":"0","ocean_menu_typo_font_subset":"","ocean_menu_typo_font_size":0,"ocean_menu_typo_font_size_tablet":0,"ocean_menu_typo_font_size_mobile":0,"ocean_menu_typo_font_size_unit":"px","ocean_menu_typo_font_weight":"","ocean_menu_typo_font_weight_tablet":"","ocean_menu_typo_font_weight_mobile":"","ocean_menu_typo_transform":"","ocean_menu_typo_transform_tablet":"","ocean_menu_typo_transform_mobile":"","ocean_menu_typo_line_height":0,"ocean_menu_typo_line_height_tablet":0,"ocean_menu_typo_line_height_mobile":0,"ocean_menu_typo_line_height_unit":"","ocean_menu_typo_spacing":0,"ocean_menu_typo_spacing_tablet":0,"ocean_menu_typo_spacing_mobile":0,"ocean_menu_typo_spacing_unit":"","ocean_menu_link_color":"","ocean_menu_link_color_hover":"","ocean_menu_link_color_active":"","ocean_menu_link_background":"","ocean_menu_link_hover_background":"","ocean_menu_link_active_background":"","ocean_menu_social_links_bg":"","ocean_menu_social_hover_links_bg":"","ocean_menu_social_links_color":"","ocean_menu_social_hover_links_color":"","ocean_disable_title":"on","ocean_disable_heading":"default","ocean_post_title":"","ocean_post_subheading":"","ocean_post_title_style":"","ocean_post_title_background_color":"","ocean_post_title_background":0,"ocean_post_title_bg_image_position":"","ocean_post_title_bg_image_attachment":"","ocean_post_title_bg_image_repeat":"","ocean_post_title_bg_image_size":"","ocean_post_title_height":0,"ocean_post_title_bg_overlay":0.5,"ocean_post_title_bg_overlay_color":"","ocean_disable_breadcrumbs":"default","ocean_breadcrumbs_color":"","ocean_breadcrumbs_separator_color":"","ocean_breadcrumbs_links_color":"","ocean_breadcrumbs_links_hover_color":"","ocean_display_footer_widgets":"on","ocean_display_footer_bottom":"default","ocean_custom_footer_template":"0","footnotes":""},"class_list":["post-1886","page","type-page","status-publish","hentry","entry"],"_links":{"self":[{"href":"https:\/\/maute-beatmungspflege.de\/en\/wp-json\/wp\/v2\/pages\/1886","targetHints":{"allow":["GET"]}}],"collection":[{"href":"https:\/\/maute-beatmungspflege.de\/en\/wp-json\/wp\/v2\/pages"}],"about":[{"href":"https:\/\/maute-beatmungspflege.de\/en\/wp-json\/wp\/v2\/types\/page"}],"author":[{"embeddable":true,"href":"https:\/\/maute-beatmungspflege.de\/en\/wp-json\/wp\/v2\/users\/1"}],"replies":[{"embeddable":true,"href":"https:\/\/maute-beatmungspflege.de\/en\/wp-json\/wp\/v2\/comments?post=1886"}],"version-history":[{"count":212,"href":"https:\/\/maute-beatmungspflege.de\/en\/wp-json\/wp\/v2\/pages\/1886\/revisions"}],"predecessor-version":[{"id":3727,"href":"https:\/\/maute-beatmungspflege.de\/en\/wp-json\/wp\/v2\/pages\/1886\/revisions\/3727"}],"up":[{"embeddable":true,"href":"https:\/\/maute-beatmungspflege.de\/en\/wp-json\/wp\/v2\/pages\/1391"}],"wp:attachment":[{"href":"https:\/\/maute-beatmungspflege.de\/en\/wp-json\/wp\/v2\/media?parent=1886"}],"curies":[{"name":"wp","href":"https:\/\/api.w.org\/{rel}","templated":true}]}}